{"id":3994,"date":"2026-02-10T21:53:34","date_gmt":"2026-02-10T21:53:34","guid":{"rendered":"https:\/\/lavenderblush-llama-932457.hostingersite.com\/?page_id=3994"},"modified":"2026-02-21T11:47:42","modified_gmt":"2026-02-21T11:47:42","slug":"blog","status":"publish","type":"page","link":"https:\/\/ouigocars.technopek.com\/fr\/blog\/","title":{"rendered":"Blog"},"content":{"rendered":"<div data-elementor-type=\"wp-page\" data-elementor-id=\"3994\" class=\"elementor elementor-3994\">\n\t\t\t\t<div class=\"elementor-element elementor-element-a5929ea e-flex e-con-boxed wpr-particle-no wpr-jarallax-no wpr-parallax-no wpr-sticky-section-no e-con e-parent\" data-id=\"a5929ea\" data-element_type=\"container\" data-e-type=\"container\">\n\t\t\t\t\t<div class=\"e-con-inner\">\n\t\t\t\t<div class=\"elementor-element elementor-element-7a02c32 elementor-widget elementor-widget-elementskit-blog-posts\" data-id=\"7a02c32\" data-element_type=\"widget\" data-e-type=\"widget\" data-widget_type=\"elementskit-blog-posts.default\">\n\t\t\t\t\t<div class=\"ekit-wid-con\" >        <div id=\"post-items--7a02c32\" class=\"row post-items\">\n                    <div class=\"col-lg-4 col-md-6\">\n\n                                    <div class=\"elementskit-post-image-card\">\n                        <div class=\"elementskit-entry-header\">\n                                                            <a href=\"https:\/\/ouigocars.technopek.com\/fr\/where-to-locate-summer-when-the-season-draws-to-a-close\/\" class=\"elementskit-entry-thumb\">\n                                    <img decoding=\"async\" src=\"https:\/\/ouigocars.technopek.com\/wp-content\/uploads\/2025\/10\/145-5.jpg\" alt=\"How to See Morocco Beyond the Tourist Spots by Rental Car\">\n                                <\/a><!-- .elementskit-entry-thumb END -->\n                                                                                                    <div class=\"elementskit-meta-lists elementskit-style-tag\">\n                                        <div class=\"elementskit-single-meta triangle_left\"><span class=\"elementskit-meta-wraper\"><strong>23<\/strong>Oct<\/span><\/div>\n                                    <\/div>\n                                                                                            \n                            \n\t\t\t\t\t\t\t\t\t\t\t\t\t<\/div><!-- .elementskit-entry-header END -->\n\n\t\t\t\t\t\t<div class=\"elementskit-post-body\">\n\t\t\t\t\t\t\t\n\t\t\t\t\t\t\t\t\t\t\t\t\t\t\t\t\t\t\t\t\t\t\t\t\t\t\t\t\t\t\n\t\t\t\t\t\t\t\t\n\t\t\t\t\t\t\t\t\t\t\t\t\t\t\t\t\t\t\t\t\t<h2 class=\"entry-title\">\n\t\t\t\t\t<a href=\"https:\/\/ouigocars.technopek.com\/fr\/where-to-locate-summer-when-the-season-draws-to-a-close\/\">\n\t\t\t\t\t\tComment d\u00e9couvrir le Maroc autrement gr\u00e2ce \u00e0 une voiture de location\t\t\t\t\t<\/a>\n\t\t\t\t<\/h2>\n\t\t\t\t\t\t\t\t\t\t\t\t\t\t\t\t\t\t\t\t\t\t\t\t\t\t\t\t\t\t\t\t\t\t\t\t\t\t\t\t\t\t<p>Morocco is a country of incredible diversity, from bustling cities and historic medinas to serene beaches, mountain valleys, and vast\u2026<\/p>\n\t\t\t\t\t\t\t\t\t\t\t\t\t\t\t\t\t\t\t\t\t\t                                                            <div class=\"btn-wraper\">\n                                    \n                                                                            <a class=\"elementskit-btn whitespace--normal\" id=\"\" href=\"https:\/\/ouigocars.technopek.com\/fr\/where-to-locate-summer-when-the-season-draws-to-a-close\/\">\n                                        \t                                            Lire la suite                                         <\/a>\n                                                                    <\/div>\n                                                    <\/div><!-- .elementskit-post-body END -->\n                    <\/div>\n                \n            <\/div>\n                    <div class=\"col-lg-4 col-md-6\">\n\n                                    <div class=\"elementskit-post-image-card\">\n                        <div class=\"elementskit-entry-header\">\n                                                            <a href=\"https:\/\/ouigocars.technopek.com\/fr\/best-spot-surf-in-agadir-2\/\" class=\"elementskit-entry-thumb\">\n                                    <img decoding=\"async\" src=\"https:\/\/ouigocars.technopek.com\/wp-content\/uploads\/2025\/10\/panoramic-promenade-in-agadir-is-the-epicentre-of-action-in-the-city.jpg\" alt=\"Exploring Agadir by Car: The Ultimate Travel Guide\">\n                                <\/a><!-- .elementskit-entry-thumb END -->\n                                                                                                    <div class=\"elementskit-meta-lists elementskit-style-tag\">\n                                        <div class=\"elementskit-single-meta triangle_left\"><span class=\"elementskit-meta-wraper\"><strong>23<\/strong>Oct<\/span><\/div>\n                                    <\/div>\n                                                                                            \n                            \n\t\t\t\t\t\t\t\t\t\t\t\t\t<\/div><!-- .elementskit-entry-header END -->\n\n\t\t\t\t\t\t<div class=\"elementskit-post-body\">\n\t\t\t\t\t\t\t\n\t\t\t\t\t\t\t\t\t\t\t\t\t\t\t\t\t\t\t\t\t\t\t\t\t\t\t\t\t\t\n\t\t\t\t\t\t\t\t\n\t\t\t\t\t\t\t\t\t\t\t\t\t\t\t\t\t\t\t\t\t<h2 class=\"entry-title\">\n\t\t\t\t\t<a href=\"https:\/\/ouigocars.technopek.com\/fr\/best-spot-surf-in-agadir-2\/\">\n\t\t\t\t\t\tExplorer Agadir en voiture : le guide ultime de voyage\t\t\t\t\t<\/a>\n\t\t\t\t<\/h2>\n\t\t\t\t\t\t\t\t\t\t\t\t\t\t\t\t\t\t\t\t\t\t\t\t\t\t\t\t\t\t\t\t\t\t\t\t\t\t\t\t\t\t<p>Exploring Agadir by car is the perfect way to discover the city and its surroundings at your own pace, giving\u2026<\/p>\n\t\t\t\t\t\t\t\t\t\t\t\t\t\t\t\t\t\t\t\t\t\t                                                            <div class=\"btn-wraper\">\n                                    \n                                                                            <a class=\"elementskit-btn whitespace--normal\" id=\"\" href=\"https:\/\/ouigocars.technopek.com\/fr\/best-spot-surf-in-agadir-2\/\">\n                                        \t                                            Lire la suite                                         <\/a>\n                                                                    <\/div>\n                                                    <\/div><!-- .elementskit-post-body END -->\n                    <\/div>\n                \n            <\/div>\n                    <div class=\"col-lg-4 col-md-6\">\n\n                                    <div class=\"elementskit-post-image-card\">\n                        <div class=\"elementskit-entry-header\">\n                                                            <a href=\"https:\/\/ouigocars.technopek.com\/fr\/discover-the-south-of-morocco-with-a-car-hire-in-agadir-2\/\" class=\"elementskit-entry-thumb\">\n                                    <img decoding=\"async\" src=\"https:\/\/ouigocars.technopek.com\/wp-content\/uploads\/2025\/10\/148-3-1024x538.jpg\" alt=\"Top 10 Must-Visit Cities in Morocco on a Self-Drive Adventure\">\n                                <\/a><!-- .elementskit-entry-thumb END -->\n                                                                                                    <div class=\"elementskit-meta-lists elementskit-style-tag\">\n                                        <div class=\"elementskit-single-meta triangle_left\"><span class=\"elementskit-meta-wraper\"><strong>23<\/strong>Oct<\/span><\/div>\n                                    <\/div>\n                                                                                            \n                            \n\t\t\t\t\t\t\t\t\t\t\t\t\t<\/div><!-- .elementskit-entry-header END -->\n\n\t\t\t\t\t\t<div class=\"elementskit-post-body\">\n\t\t\t\t\t\t\t\n\t\t\t\t\t\t\t\t\t\t\t\t\t\t\t\t\t\t\t\t\t\t\t\t\t\t\t\t\t\t\n\t\t\t\t\t\t\t\t\n\t\t\t\t\t\t\t\t\t\t\t\t\t\t\t\t\t\t\t\t\t<h2 class=\"entry-title\">\n\t\t\t\t\t<a href=\"https:\/\/ouigocars.technopek.com\/fr\/discover-the-south-of-morocco-with-a-car-hire-in-agadir-2\/\">\n\t\t\t\t\t\tTop 10 villes incontournables du Maroc en road trip\t\t\t\t\t<\/a>\n\t\t\t\t<\/h2>\n\t\t\t\t\t\t\t\t\t\t\t\t\t\t\t\t\t\t\t\t\t\t\t\t\t\t\t\t\t\t\t\t\t\t\t\t\t\t\t\t\t\t<p>Morocco is a country full of culture, history, and stunning landscapes, from vibrant cities to peaceful coastal towns and the\u2026<\/p>\n\t\t\t\t\t\t\t\t\t\t\t\t\t\t\t\t\t\t\t\t\t\t                                                            <div class=\"btn-wraper\">\n                                    \n                                                                            <a class=\"elementskit-btn whitespace--normal\" id=\"\" href=\"https:\/\/ouigocars.technopek.com\/fr\/discover-the-south-of-morocco-with-a-car-hire-in-agadir-2\/\">\n                                        \t                                            Lire la suite                                         <\/a>\n                                                                    <\/div>\n                                                    <\/div><!-- .elementskit-post-body END -->\n                    <\/div>\n                \n            <\/div>\n                <\/div>\n       <\/div>\t\t\t\t<\/div>\n\t\t\t\t\t<\/div>\n\t\t\t\t<\/div>\n\t\t\t\t<\/div>","protected":false},"excerpt":{"rendered":"<p>23Oct How to See Morocco Beyond the Tourist Spots by Rental Car Morocco is a country of incredible diversity, from bustling cities and historic medinas to serene beaches, mountain valleys, and vast&hellip; Learn more 23Oct Exploring Agadir by Car: The Ultimate Travel Guide Exploring Agadir by car is the perfect way to discover the city and its surroundings at your own pace, giving&hellip; Learn more 23Oct Top 10 Must-Visit Cities in Morocco on a Self-Drive Adventure Morocco is a country full of culture, history, and stunning landscapes, from vibrant cities to peaceful coastal towns and the&hellip; Learn more<\/p>","protected":false},"author":1,"featured_media":3852,"parent":0,"menu_order":0,"comment_status":"closed","ping_status":"closed","template":"","meta":{"footnotes":""},"class_list":["post-3994","page","type-page","status-publish","has-post-thumbnail","hentry"],"_links":{"self":[{"href":"https:\/\/ouigocars.technopek.com\/fr\/wp-json\/wp\/v2\/pages\/3994","targetHints":{"allow":["GET"]}}],"collection":[{"href":"https:\/\/ouigocars.technopek.com\/fr\/wp-json\/wp\/v2\/pages"}],"about":[{"href":"https:\/\/ouigocars.technopek.com\/fr\/wp-json\/wp\/v2\/types\/page"}],"author":[{"embeddable":true,"href":"https:\/\/ouigocars.technopek.com\/fr\/wp-json\/wp\/v2\/users\/1"}],"replies":[{"embeddable":true,"href":"https:\/\/ouigocars.technopek.com\/fr\/wp-json\/wp\/v2\/comments?post=3994"}],"version-history":[{"count":10,"href":"https:\/\/ouigocars.technopek.com\/fr\/wp-json\/wp\/v2\/pages\/3994\/revisions"}],"predecessor-version":[{"id":4154,"href":"https:\/\/ouigocars.technopek.com\/fr\/wp-json\/wp\/v2\/pages\/3994\/revisions\/4154"}],"wp:featuredmedia":[{"embeddable":true,"href":"https:\/\/ouigocars.technopek.com\/fr\/wp-json\/wp\/v2\/media\/3852"}],"wp:attachment":[{"href":"https:\/\/ouigocars.technopek.com\/fr\/wp-json\/wp\/v2\/media?parent=3994"}],"curies":[{"name":"wp","href":"https:\/\/api.w.org\/{rel}","templated":true}]}}