{"id":4047,"date":"2026-02-11T12:19:45","date_gmt":"2026-02-11T12:19:45","guid":{"rendered":"https:\/\/lavenderblush-llama-932457.hostingersite.com\/?page_id=4047"},"modified":"2026-02-16T11:31:59","modified_gmt":"2026-02-16T11:31:59","slug":"reviews","status":"publish","type":"page","link":"https:\/\/ouigocars.technopek.com\/fr\/reviews\/","title":{"rendered":"Reviews"},"content":{"rendered":"<div data-elementor-type=\"wp-page\" data-elementor-id=\"4047\" class=\"elementor elementor-4047\">\n\t\t\t\t<div class=\"elementor-element elementor-element-68f8694 e-flex e-con-boxed wpr-particle-no wpr-jarallax-no wpr-parallax-no wpr-sticky-section-no e-con e-parent\" data-id=\"68f8694\" data-element_type=\"container\" data-e-type=\"container\">\n\t\t\t\t\t<div class=\"e-con-inner\">\n\t\t\t\t<div class=\"elementor-element elementor-element-9c96c5d elementor-widget__width-inherit elementor-widget elementor-widget-elementskit-heading\" data-id=\"9c96c5d\" data-element_type=\"widget\" data-e-type=\"widget\" data-widget_type=\"elementskit-heading.default\">\n\t\t\t\t\t<div class=\"ekit-wid-con\" ><div class=\"ekit-heading elementskit-section-title-wraper center   ekit_heading_tablet-   ekit_heading_mobile-\"><h2 class=\"ekit-heading--title elementskit-section-title translation-block\">Partagez votre exp\u00e9rience avec<br><span>Ouigo Cars<\/span> ?<\/h2>\t\t\t\t<div class='ekit-heading__description'>\n\t\t\t\t\t<p>Vos retours sont tr\u00e8s importants pour nous. Si vous avez r\u00e9cemment lou\u00e9 une voiture avec Ouigo Cars, nous serions ravis de conna\u00eetre votre exp\u00e9rience. Qu\u2019il s\u2019agisse d\u2019un court trajet, de vacances en famille ou d\u2019une location professionnelle, votre avis nous aide \u00e0 am\u00e9liorer nos services et permet aux futurs clients de nous choisir en toute confiance. Prenez un moment pour partager vos impressions, nous vous en remercions sinc\u00e8rement.<\/p>\n\t\t\t\t<\/div>\n\t\t\t<\/div><\/div>\t\t\t\t<\/div>\n\t\t\t\t\t<\/div>\n\t\t\t\t<\/div>\n\t\t<div class=\"elementor-element elementor-element-a92ff05 e-flex e-con-boxed wpr-particle-no wpr-jarallax-no wpr-parallax-no wpr-sticky-section-no e-con e-parent\" data-id=\"a92ff05\" data-element_type=\"container\" data-e-type=\"container\" id=\"Review\">\n\t\t\t\t\t<div class=\"e-con-inner\">\n\t\t\t\t<div class=\"elementor-element elementor-element-9143b3e elementor-widget__width-inherit elementor-widget elementor-widget-shortcode\" data-id=\"9143b3e\" data-element_type=\"widget\" data-e-type=\"widget\" data-widget_type=\"shortcode.default\">\n\t\t\t\t\t\t\t<div class=\"elementor-shortcode\">\r\n    <div class=\"tps-testimonial-form-wrapper\">\r\n\r\n                    <div class=\"tps-testimonial-required-info\">Red asterisk fields are required.<\/div>\r\n        \r\n        <form method=\"POST\" enctype=\"multipart\/form-data\" class=\"tps-testimonial-form\" id=\"tps-testimonial-form\" action=\"\">\r\n\r\n            <input type=\"hidden\" id=\"testimonial_form_nonce\" name=\"testimonial_form_nonce\" value=\"90f3003d4d\" \/><input type=\"hidden\" name=\"_wp_http_referer\" value=\"\/fr\/wp-json\/wp\/v2\/pages\/4047\" \/>\r\n                                <div class=\"form-field\">\r\n                        <label for=\"testimonial_form_69e2149f9f087_post_title\">\r\n                            Nom complet                                                            <span class=\"required-field-icon\" style=\"color: red;\">*<\/span>\r\n                                                    <\/label>\r\n                        <input type=\"text\" id=\"testimonial_form_69e2149f9f087_post_title\" name=\"post_title\" value=\"\" placeholder=\"Quel est votre nom complet ?\" required>                    <\/div>\r\n                                        <div class=\"form-field\">\r\n                        <label for=\"testimonial_form_69e2149f9f087_testimonial_text_input\">\r\n                            Contenu du t\u00e9moignage                                                            <span class=\"required-field-icon\" style=\"color: red;\">*<\/span>\r\n                                                    <\/label>\r\n                        <textarea id=\"testimonial_form_69e2149f9f087_testimonial_text_input\" name=\"testimonial_text_input\" placeholder=\"Que pensez-vous de Ouigo Cars ?\" required><\/textarea>                    <\/div>\r\n                                        <div class=\"form-field\">\r\n                        <label for=\"testimonial_form_69e2149f9f087_photo\">\r\n                            Photo                                                            <span class=\"required-field-icon\" style=\"color: red;\">*<\/span>\r\n                                                    <\/label>\r\n                        <input type=\"file\" id=\"testimonial_form_69e2149f9f087_photo\" name=\"photo\" accept=\"image\/*\">                    <\/div>\r\n                                        <div class=\"form-field\">\r\n                        <label for=\"testimonial_form_69e2149f9f087_company_rating_target_list\">\r\n                            Note du service                                                            <span class=\"required-field-icon\" style=\"color: red;\">*<\/span>\r\n                                                    <\/label>\r\n                                                    <div class=\"tp-star-rating\">\r\n                                                                    <input type=\"radio\" id=\"rating-testimonial_form_69e2149f9f087_company_rating_target_list_5\" \r\n                                           name=\"company_rating_target_list\" \r\n                                           value=\"5\">  \r\n                                    <label for=\"rating-testimonial_form_69e2149f9f087_company_rating_target_list_5\" title=\"5 Star\"><i class=\"fa fa-star\"><\/i><\/label>\r\n                                                                    <input type=\"radio\" id=\"rating-testimonial_form_69e2149f9f087_company_rating_target_list_4\" \r\n                                           name=\"company_rating_target_list\" \r\n                                           value=\"4\">  \r\n                                    <label for=\"rating-testimonial_form_69e2149f9f087_company_rating_target_list_4\" title=\"4 Star\"><i class=\"fa fa-star\"><\/i><\/label>\r\n                                                                    <input type=\"radio\" id=\"rating-testimonial_form_69e2149f9f087_company_rating_target_list_3\" \r\n                                           name=\"company_rating_target_list\" \r\n                                           value=\"3\">  \r\n                                    <label for=\"rating-testimonial_form_69e2149f9f087_company_rating_target_list_3\" title=\"3 Star\"><i class=\"fa fa-star\"><\/i><\/label>\r\n                                                                    <input type=\"radio\" id=\"rating-testimonial_form_69e2149f9f087_company_rating_target_list_2\" \r\n                                           name=\"company_rating_target_list\" \r\n                                           value=\"2\">  \r\n                                    <label for=\"rating-testimonial_form_69e2149f9f087_company_rating_target_list_2\" title=\"2 Star\"><i class=\"fa fa-star\"><\/i><\/label>\r\n                                                                    <input type=\"radio\" id=\"rating-testimonial_form_69e2149f9f087_company_rating_target_list_1\" \r\n                                           name=\"company_rating_target_list\" \r\n                                           value=\"1\">  \r\n                                    <label for=\"rating-testimonial_form_69e2149f9f087_company_rating_target_list_1\" title=\"1 Star\"><i class=\"fa fa-star\"><\/i><\/label>\r\n                                                            <\/div>\r\n                                            <\/div>\r\n                    \r\n            <button type=\"submit\" name=\"submit_testimonial\" class=\"submit-button\">Ajouter mon avis<\/button>\r\n\r\n            \r\n            <script>\r\n            document.addEventListener(\"DOMContentLoaded\", function () {\r\n                const form = document.getElementById(\"tps-testimonial-form\");\r\n                const successMessage = document.getElementById(\"success-message\");\r\n\r\n                if (form) {\r\n                    form.addEventListener(\"submit\", function (e) {\r\n                        let testimonialText = document.getElementById(\"testimonial_text_input\").value.trim();\r\n\r\n                        \/\/ Validate testimonial text field\r\n                        if (testimonialText === \"\") {\r\n                            alert(\"Please fill out the content field before submitting.\");\r\n                            e.preventDefault();\r\n                            return; \/\/ Stop form submission\r\n                        }\r\n                    });\r\n                }\r\n\r\n                \/\/ Hide success message after 10 seconds\r\n                if (successMessage) {\r\n                    setTimeout(() => {\r\n                        successMessage.style.transition = \"opacity 0.5s ease-out\";\r\n                        successMessage.style.opacity = \"0\";\r\n\r\n                        setTimeout(() => {\r\n                            successMessage.remove();\r\n                        }, 500); \/\/ Remove after fade-out\r\n                    }, 10000); \/\/ 10 seconds delay\r\n\r\n                    \/\/ Remove 'success=true' from URL without reloading\r\n                    if (window.location.search.includes(\"success=true\")) {\r\n                        const newUrl = window.location.origin + window.location.pathname;\r\n                        window.history.replaceState({}, document.title, newUrl);\r\n                    }\r\n                }\r\n            });\r\n            <\/script>\r\n\r\n            <!-- Success or Error Messages -->\r\n                                <input type=\"hidden\" name=\"trp-form-language\" value=\"fr\"\/><\/form>\r\n    <\/div>\r\n\r\n    <style>\r\n        .tps-testimonial-form-wrapper {\r\n            max-width: 650px;\r\n            padding: 30px 30px 30px 30px;\r\n            border: 1px solid #111111;\r\n            border-radius: 6px;\r\n            background: #ffffff;\r\n        }\r\n        .tps-testimonial-form-wrapper .tps-testimonial-form .form-field {\r\n            margin-bottom: 15px;\r\n        }\r\n        .tps-testimonial-form-wrapper .tps-testimonial-form label {\r\n            display: block;\r\n            overflow: hidden;\r\n            font-weight: 600;\r\n            font-size: 18px;\r\n            color: #111111;\r\n            margin-bottom: 5px;\r\n        }\r\n        .tps-testimonial-form-wrapper .tps-testimonial-form input[type=text],\r\n        .tps-testimonial-form-wrapper .tps-testimonial-form input[type=email],\r\n        .tps-testimonial-form textarea {\r\n            width: 100%;\r\n            padding: 10px;\r\n            border: 1px solid #111111;\r\n            background: #ffffff;\r\n            border-radius: 6px;\r\n            font-size: 14px;\r\n            box-sizing: border-box;\r\n            text-decoration: none;\r\n            outline: none;\r\n            box-shadow: none;\r\n            margin-bottom: 0;\r\n        }\r\n        .tps-testimonial-form-wrapper .tps-testimonial-form input[type=file] {\r\n            font-size: 14px;\r\n            box-sizing: border-box;\r\n            text-decoration: none;\r\n            outline: none;\r\n            box-shadow: none;\r\n            margin-bottom: 0;\r\n        }\r\n        .tps-testimonial-form-wrapper .tps-testimonial-form input::placeholder, \r\n        .tps-testimonial-form-wrapper .tps-testimonial-form textarea::placeholder {\r\n            color: #999;\r\n        }\r\n        .tps-testimonial-form-wrapper .tps-testimonial-form .form-field .tp-star-rating label {\r\n            font-size: 25px;\r\n            line-height: 1;\r\n            margin: 0;\r\n        }\r\n        .tps-testimonial-form-wrapper .tps-testimonial-form textarea {\r\n            height: 100px;\r\n            resize: none;\r\n        }\r\n        .tps-testimonial-form-wrapper .tps-testimonial-form .submit-button {\r\n            display: block;\r\n            max-width: 100%;\r\n            padding: 15px 20px;\r\n            background: #0073aa;\r\n            color: #ffffff;\r\n            border: none;\r\n            border-radius: 5px;\r\n            font-size: 16px;\r\n            cursor: pointer;\r\n            transition: background 0.3s;\r\n            box-shadow: none;\r\n            outline: none;\r\n        }\r\n        .tps-testimonial-form-wrapper .tps-testimonial-form .submit-button:hover {\r\n            background: #005a87;\r\n            color: #ffffff;\r\n        }\r\n        .tps-testimonial-form-wrapper .success-message {\r\n            margin: 10px 0px 0px;\r\n            padding:0;\r\n            font-size: 18px;\r\n            color: #28a745;\r\n            font-weight: 600;\r\n        }\r\n        .tps-testimonial-form-wrapper .error-message {\r\n            margin: 10px 0px 0px;\r\n            padding:0;\r\n            font-size: 18px;\r\n            color: #dc3545;\r\n            font-weight: 600;\r\n        }\r\n        .tps-testimonial-form-wrapper .tp-star-rating {\r\n            display: flex;\r\n            justify-content: end;\r\n            direction: rtl; \/* Align stars from right-to-left *\/\r\n            gap: 5px;\r\n        }\r\n        .tps-testimonial-form-wrapper .tp-star-rating input {\r\n            display: none; \/* Hide the radio buttons *\/\r\n        }\r\n        .tps-testimonial-form-wrapper .tp-star-rating label {\r\n            font-size: 30px; \/* Size of the stars *\/\r\n            color: #ccc; \/* Default color for stars *\/\r\n            cursor: pointer; \/* Pointer cursor for clickable stars *\/\r\n            transition: color 0.3s ease; \/* Smooth transition for color *\/\r\n        }\r\n        .tps-testimonial-form-wrapper .tp-star-rating label:hover,\r\n        .tps-testimonial-form-wrapper .tp-star-rating label:hover ~ label {\r\n            color: #f5c518; \/* Gold color on hover *\/\r\n        }\r\n        .tps-testimonial-form-wrapper .tp-star-rating input:checked + label,\r\n        .tps-testimonial-form-wrapper .tp-star-rating input:checked + label ~ label {\r\n            color: #f5c518; \/* Gold color when selected *\/\r\n        }\r\n        .tps-testimonial-form-wrapper .tps-testimonial-required-info {\r\n            font-size: 14px;\r\n            padding-bottom: 10px;\r\n        }\r\n    <\/style>\r\n    <\/div>\n\t\t\t\t\t\t<\/div>\n\t\t\t\t\t<\/div>\n\t\t\t\t<\/div>\n\t\t\t\t<\/div>","protected":false},"excerpt":{"rendered":"<p>Share Your Experience with Ouigo Cars ? Your feedback means a lot to us. If you\u2019ve recently rented a car with Ouigo Cars, we would love to hear about your experience. Whether it was a short trip, a family vacation, or a business rental, your review helps us improve our services and assists future customers in choosing us with confidence. Take a moment to share your thoughts , we truly appreciate it.<\/p>","protected":false},"author":1,"featured_media":3852,"parent":0,"menu_order":0,"comment_status":"closed","ping_status":"closed","template":"","meta":{"footnotes":""},"class_list":["post-4047","page","type-page","status-publish","has-post-thumbnail","hentry"],"_links":{"self":[{"href":"https:\/\/ouigocars.technopek.com\/fr\/wp-json\/wp\/v2\/pages\/4047","targetHints":{"allow":["GET"]}}],"collection":[{"href":"https:\/\/ouigocars.technopek.com\/fr\/wp-json\/wp\/v2\/pages"}],"about":[{"href":"https:\/\/ouigocars.technopek.com\/fr\/wp-json\/wp\/v2\/types\/page"}],"author":[{"embeddable":true,"href":"https:\/\/ouigocars.technopek.com\/fr\/wp-json\/wp\/v2\/users\/1"}],"replies":[{"embeddable":true,"href":"https:\/\/ouigocars.technopek.com\/fr\/wp-json\/wp\/v2\/comments?post=4047"}],"version-history":[{"count":13,"href":"https:\/\/ouigocars.technopek.com\/fr\/wp-json\/wp\/v2\/pages\/4047\/revisions"}],"predecessor-version":[{"id":4102,"href":"https:\/\/ouigocars.technopek.com\/fr\/wp-json\/wp\/v2\/pages\/4047\/revisions\/4102"}],"wp:featuredmedia":[{"embeddable":true,"href":"https:\/\/ouigocars.technopek.com\/fr\/wp-json\/wp\/v2\/media\/3852"}],"wp:attachment":[{"href":"https:\/\/ouigocars.technopek.com\/fr\/wp-json\/wp\/v2\/media?parent=4047"}],"curies":[{"name":"wp","href":"https:\/\/api.w.org\/{rel}","templated":true}]}}